{"id":375,"date":"2025-07-02T19:22:58","date_gmt":"2025-07-02T19:22:58","guid":{"rendered":"https:\/\/fixandgomobileglobal.com\/servicios\/"},"modified":"2025-09-04T13:48:59","modified_gmt":"2025-09-04T13:48:59","slug":"servicios","status":"publish","type":"page","link":"https:\/\/fixandgomobileglobal.com\/pt-pt\/servicios\/","title":{"rendered":"Servicios"},"content":{"rendered":"<section class=\"header_curvy1_30_1 background-1-light\" id=\"\" data-block-id=\"69e35057ca2d869e35057ca2d9\" data-block-name=\"acf\/header-curvy1-30-1\" data-post-id=\"375\" data-stable-id=\"block_777ad1f0d584e61627d40adc7451a4f8\">\r\n    <div class=\"container\">\r\n        <div class=\"row\">\r\n            <div class=\"col\">\r\n                                <h1 class=\"tamano1 color-1-headings-dark\">Servicios<\/h1>\r\n            <\/div>\r\n        <\/div>\r\n    <\/div>\r\n<\/section>\r\n<style>\r\n    .header_curvy1_30_1 .col .subtitulo {\r\n        text-align: center;\r\n        padding-bottom: 25px;\r\n    }\r\n\r\n    .header_curvy1_30_1 .col h1 {\r\n        text-align: center;\r\n    }\r\n\r\n    .header_curvy1_30_1 .col {\r\n        max-width: 1230px;\r\n        margin: 0 auto;\r\n    }\r\n\r\n    .header_curvy1_30_1 {\r\n        padding: 200px 0 55px 0;\r\n    }\r\n\r\n    @media (max-width:1200px) {\r\n        .header_curvy1_30_1 {\r\n            padding: 120px 0 35px 0;\r\n        }\r\n    }\r\n\r\n    @media (max-width:768px) {\r\n        .header_curvy1_30_1 h1 {\r\n            line-height: var(--tamano3-line-height);\r\n        }\r\n\r\n        .header_curvy1_30_1 {\r\n            padding: 100px 0 40px;\r\n        }\r\n    }\r\n<\/style>\r\n\n\n<section class=\"services_curvy1_13_3_1 background-1-light\" id=\"\" data-block-id=\"69e35057cb4b469e35057cb4b5\" data-block-name=\"acf\/services-curvy1-13-3-1\" data-post-id=\"375\" data-stable-id=\"block_19f967cdecc0f150df0899ea8f1f52fb\">\r\n    <div class=\"container\">\r\n        <div class=\"row\">\r\n            <div class=\"col\">\r\n                                            <\/div>\r\n        <\/div>\r\n        <div class=\"row row-servicios\">\r\n            <div class=\"col col-servicios\">\r\n                                                                                    <a class=\"servicio-item\" href=\"https:\/\/fixandgomobileglobal.com\/pt-pt\/servicios\/asesoramiento-tecnologico\/\">\r\n\r\n                            <div class=\"imagencont\">\r\n                                <div class=\"imagen\" style=\"background-image:url('https:\/\/fixandgomobileglobal.com\/wp-content\/uploads\/2025\/07\/Leonardo_Vision_XL_Disea_una_imagen_elegante_para_la_seccin_in_0.jpg');\"\r\n                                    aria-label=\"\"><\/div>\r\n                            <\/div>\r\n                                                        <h3 class=\"tamano4 color-1-headings-dark\">Asesoramiento tecnol\u00f3gico<\/h3>\r\n                                                                                <\/a>\r\n                                                                    <a class=\"servicio-item\" href=\"https:\/\/fixandgomobileglobal.com\/pt-pt\/servicios\/alquiler-venta-de-dispositivos\/\">\r\n\r\n                            <div class=\"imagencont\">\r\n                                <div class=\"imagen\" style=\"background-image:url('https:\/\/fixandgomobileglobal.com\/wp-content\/uploads\/2025\/07\/Leonardo_Vision_XL_Representa_una_imagen_moderna_y_elegante_de_0.jpg');\"\r\n                                    aria-label=\"\"><\/div>\r\n                            <\/div>\r\n                                                        <h3 class=\"tamano4 color-1-headings-dark\">Alquiler\/Venta de dispositivos<\/h3>\r\n                                                                                <\/a>\r\n                                                                    <a class=\"servicio-item\" href=\"https:\/\/fixandgomobileglobal.com\/pt-pt\/servicios\/reparacion-de-dispositivos\/\">\r\n\r\n                            <div class=\"imagencont\">\r\n                                <div class=\"imagen\" style=\"background-image:url('https:\/\/fixandgomobileglobal.com\/wp-content\/uploads\/2025\/07\/Leonardo_Vision_XL_Un_elegante_ambiente_de_consultora_tecnolgi_0.jpg');\"\r\n                                    aria-label=\"\"><\/div>\r\n                            <\/div>\r\n                                                        <h3 class=\"tamano4 color-1-headings-dark\">Reparaci\u00f3n de dispositivos<\/h3>\r\n                                                                                <\/a>\r\n                                        <\/div>\r\n    <\/div>\r\n        <div class=\"col col-cta\">\r\n        <a class=\"btn-round tamano-7-mediumcta color-boton-2-texto-normal color-boton-2-normal color-boton-2-texto-hover color-boton-2-hover\"\r\n            href=\"https:\/\/fixandgomobileglobal.com\/servicios\" target=\"\">Ver m\u00e1s<\/a>\r\n    <\/div>\r\n    <\/section>\r\n<style>\r\n    .services_curvy1_13_3_1 .col-cta {\r\n        text-align: center;\r\n    }\r\n\r\n    .services_curvy1_13_3_1 .btn-round {\r\n        border-radius: 60px;\r\n        padding: 12px 25px;\r\n        display: inline-block;\r\n        margin-top: 55px;\r\n        min-width: 175px;\r\n        text-align: center;\r\n        transition: all ease .3s;\r\n        text-decoration: none;\r\n        transform: none;\r\n    }\r\n\r\n     .services_curvy1_13_3_1 .servicio-item h3 {\r\n        padding-bottom: 20px;\r\n    }\r\n\r\n    .services_curvy1_13_3_1 .col-servicios {\r\n        display: flex;\r\n        gap: 30px;\r\n        flex-wrap: wrap;\r\n        row-gap: 60px;\r\n        justify-content: center;\r\n    }\r\n\r\n    .services_curvy1_13_3_1 .servicio-item {\r\n        text-decoration: none;\r\n        width: calc(33.33% - 20px);\r\n    }\r\n\r\n    .services_curvy1_13_3_1 .servicio-item .imagencont {\r\n        margin-bottom: 24px;\r\n        overflow: hidden;\r\n        border-radius: 30px;\r\n    }\r\n\r\n    .services_curvy1_13_3_1 .servicio-item:hover .imagen {\r\n        transform: scale(1.1);\r\n    }\r\n\r\n    .services_curvy1_13_3_1 .servicio-item .imagen {\r\n        transform: none;\r\n        transition: all ease .3s;\r\n        aspect-ratio: 480 \/ 333;\r\n        width: 100%;\r\n        height: auto;\r\n        background-position: center;\r\n        background-repeat: no-repeat;\r\n        background-size: cover;\r\n        border-radius: 30px;\r\n    }\r\n\r\n     .services_curvy1_13_3_1 .servicio-item .imagencont .video {\r\n        width: 100%;\r\n        height: 100%;\r\n        overflow: hidden;\r\n        border-radius: 30px;\r\n        position: relative;\r\n        padding-bottom: 69.2%;\r\n    }\r\n\r\n     .services_curvy1_13_3_1 .servicio-item .imagencont .video iframe {\r\n        width: 100%;\r\n        height: 100%;\r\n        border: none;\r\n        position: absolute;\r\n        top: 0;\r\n        left: 0;\r\n    }\r\n\r\n    .services_curvy1_13_3_1 h2 {\r\n        padding-bottom: 30px;\r\n        max-width: 585px;\r\n        margin: 0 auto;\r\n        text-align: center;\r\n    }\r\n\r\n    .services_curvy1_13_3_1 .texto-top {\r\n        padding-bottom: 60px;\r\n        max-width: 895px;\r\n        margin: 0 auto;\r\n        text-align: center;\r\n    }\r\n\r\n    .services_curvy1_13_3_1 .servicio-item .texto ol,\r\n    .services_curvy1_13_3_1 .servicio-item .texto ul {\r\n        padding-left: 20px;\r\n    }\r\n\r\n    .services_curvy1_13_3_1 {\r\n        padding: 80px 150px;\r\n    }\r\n\r\n    @media (max-width:1550px) {\r\n\r\n        .services_curvy1_13_3_1 {\r\n            padding: 80px 50px;\r\n        }\r\n    }\r\n\r\n    @media (max-width:1350px) {\r\n        .services_curvy1_13_3_1 {\r\n            padding: 80px 0px;\r\n        }\r\n    }\r\n\r\n    @media (max-width:1200px) {\r\n        .services_curvy1_13_3_1 .servicio-item {\r\n            width: calc(50% - 15px);\r\n        }\r\n    }\r\n\r\n    @media (max-width:992px) {\r\n        .services_curvy1_13_3_1 .col-servicios {\r\n            row-gap: 30px;\r\n        }\r\n\r\n        .services_curvy1_13_3_1 h2 {\r\n            padding-bottom: 20px;\r\n        }\r\n\r\n        .services_curvy1_13_3_1 .texto-top {\r\n            padding-bottom: 35px;\r\n        }\r\n\r\n        .services_curvy1_13_3_1 {\r\n            padding: 40px 0;\r\n        }\r\n    }\r\n\r\n    @media (max-width:768px) {\r\n        .services_curvy1_13_3_1 .servicio-item {\r\n            width: 100%;\r\n        }\r\n\r\n        .services_curvy1_13_3_1 .servicio-item .imagencont .video iframe {\r\n            min-height: 310px;\r\n        }\r\n    }\r\n<\/style>\r\n\n\n<section class=\"cta_curvy1_3_1_2 background-1-light\" id=\"\" data-block-id=\"69e35057cf66769e35057cf668\" data-block-name=\"acf\/cta-curvy1-3-1-2\" data-post-id=\"375\" data-stable-id=\"block_1c0367a692666b38bb1af64736e76aae\">\r\n    <div class=\"container\">\r\n        <div class=\"row\">\r\n            <div class=\"col\">\r\n                <div class=\"inner background-1-dark\">\r\n                                        <div class=\"titulo\">\r\n                        <h2 class=\"tamano3 color-2-headings-light\">Soluciones Tech Elite<\/h2>\r\n                    <\/div>\r\n                                                            <div class=\"texto color-2-body-light tamano7\"><p>Conf\u00eda en Fix&amp;Go Mobile para alquiler, venta y reparaci\u00f3n de dispositivos electr\u00f3nicos con asesor\u00eda experta. Calidad y elegancia para tu vida digital.<\/p>\n<\/div>\r\n                                                                <div class=\"ctas\">\r\n                                                            <a href=\"#\" target=\"\" class=\"btn-round tamano-7-mediumcta color-boton-3-texto-normal color-boton-3-texto-hover color-boton-3-normal color-boton-3-hover\">\r\n    \r\n    <span>Desc\u00fabrelo<\/span>\r\n<\/a>\r\n\r\n<style>\r\n    .btn-border-rounded {\r\n        border-radius: 12px !important;\r\n    }\r\n\r\n    .btn-border-square {\r\n        border-radius: 0 !important;\r\n    }\r\n\r\n    \/* Estilos de hover *\/\r\n    .btn-hover-hover1:hover {\r\n        filter: contrast(0.55);\r\n    }\r\n\r\n    .btn-hover-hover2:hover {\r\n        filter: sepia(2);\r\n    }\r\n\r\n    \/* Estilos del icono cuando existe *\/\r\n    a i {\r\n        margin-right: 8px;\r\n        font-size: 16px;\r\n    }\r\n\r\n    \/* Icono Lucide *\/\r\n    .btn-icon--lucide {\r\n        display: inline-flex;\r\n        align-items: center;\r\n        justify-content: center;\r\n        margin-right: 8px;\r\n    }\r\n\r\n    .btn-icon--lucide svg {\r\n        width: 16px;\r\n        height: 16px;\r\n        display: block;\r\n    }\r\n<\/style>\r\n                                                    <\/div>\r\n                                    <\/div>\r\n            <\/div>\r\n        <\/div>\r\n    <\/div>\r\n<\/section>\r\n<style>\r\n    .cta_curvy1_3_1_2 .inner {\r\n        display: flex;\r\n        gap: 30px;\r\n        border-radius: 30px;\r\n        align-items: center;\r\n        padding: 55px 150px;\r\n        justify-content: space-between;\r\n    }\r\n\r\n     .cta_curvy1_3_1_2 .titulo {\r\n        max-width: 430px;\r\n        width: 100%;\r\n    }\r\n\r\n    .cta_curvy1_3_1_2 .texto {\r\n        max-width: 660px;\r\n        text-align: left;\r\n        width: 100%;\r\n    }\r\n\r\n    .cta_curvy1_3_1_2 {\r\n        padding: 80px 0;\r\n        position: relative;\r\n    }\r\n\r\n    .cta_curvy1_3_1_2 .btn-round {\r\n        border-radius: 60px;\r\n        padding: 15px 30px;\r\n        display: inline-block;\r\n        text-align: center;\r\n        transition: all ease .3s;\r\n        text-decoration: none;\r\n        min-width: 278px;\r\n        display: flex;\r\n        align-items: center;\r\n        justify-content: center;\r\n    }\r\n\r\n    @media (max-width:1750px) {\r\n        .cta_curvy1_3_1_2 .texto {\r\n            max-width: 500px;\r\n        }\r\n    }\r\n\r\n    @media (max-width:1600px) {\r\n        .cta_curvy1_3_1_2 .inner {\r\n            padding-left: 50px;\r\n            padding-right: 50px;\r\n        }\r\n    }\r\n\r\n    @media (max-width:1400px) {\r\n        .cta_curvy1_3_1_2 .texto {\r\n            max-width: 100%;\r\n        }\r\n\r\n        .cta_curvy1_3_1_2 .titulo {\r\n            width: 100%;\r\n        }\r\n    }\r\n\r\n    @media (max-width:1200px) {\r\n        .cta_curvy1_3_1_2 .inner {\r\n            padding-left: 15px;\r\n            padding-right: 15px;\r\n        }\r\n    }\r\n\r\n    @media (max-width:992px) {\r\n        .cta_curvy1_3_1_2 .col .inner {\r\n            border-radius: 30px;\r\n            flex-direction: column;\r\n            align-items: center;\r\n            justify-content: center;\r\n        }\r\n\r\n         .cta_curvy1_3_1_2 .col .inner>* {\r\n            width: 100%;\r\n            max-width: 100%;\r\n            text-align: left;\r\n        }\r\n\r\n        .cta_curvy1_3_1_2 .inner {\r\n            padding: 33px 23px;\r\n        }\r\n\r\n        .cta_curvy1_3_1_2 .col .ctas {\r\n            display: flex;\r\n            align-items: center;\r\n            justify-content: start;\r\n        }\r\n\r\n        .cta_curvy1_3_1_2 .col {\r\n            flex-direction: column;\r\n            justify-content: center;\r\n            align-items: center;\r\n        }\r\n\r\n        .cta_curvy1_3_1_2 {\r\n            padding: 40px 0;\r\n        }\r\n\r\n        .cta_curvy1_3_1_2 .btn-round {\r\n            min-width: 240px\r\n        }\r\n\r\n        .cta_curvy1_3_1_2 .titulo h2 {\r\n            line-height: var(--tamano5-line-height);\r\n        }\r\n    }\r\n<\/style>\r\n","protected":false},"excerpt":{"rendered":"","protected":false},"author":1,"featured_media":0,"parent":0,"menu_order":0,"comment_status":"open","ping_status":"closed","template":"","meta":{"_acf_changed":false,"iawp_total_views":2,"footnotes":""},"class_list":["post-375","page","type-page","status-publish","hentry"],"acf":[],"yoast_head":"<!-- This site is optimized with the Yoast SEO plugin v27.4 - https:\/\/yoast.com\/product\/yoast-seo-wordpress\/ -->\n<title>Fix&amp;Go Mobile: Soluciones Tech Innovadoras<\/title>\n<meta name=\"description\" content=\"Expertos en alquiler, venta y reparaci\u00f3n de dispositivos electr\u00f3nicos. Calidad, eficiencia y consultor\u00eda profesional en cada servicio.\" \/>\n<meta name=\"robots\" content=\"index, follow, max-snippet:-1, max-image-preview:large, max-video-preview:-1\" \/>\n<link rel=\"canonical\" href=\"https:\/\/fixandgomobileglobal.com\/pt-pt\/servicios\/\" \/>\n<meta property=\"og:locale\" content=\"pt_PT\" \/>\n<meta property=\"og:type\" content=\"article\" \/>\n<meta property=\"og:title\" content=\"Fix&amp;Go Mobile: Soluciones Tech Innovadoras\" \/>\n<meta property=\"og:description\" content=\"Expertos en alquiler, venta y reparaci\u00f3n de dispositivos electr\u00f3nicos. Calidad, eficiencia y consultor\u00eda profesional en cada servicio.\" \/>\n<meta property=\"og:url\" content=\"https:\/\/fixandgomobileglobal.com\/pt-pt\/servicios\/\" \/>\n<meta property=\"og:site_name\" content=\"Fix&amp;Go Mobile\" \/>\n<meta property=\"article:modified_time\" content=\"2025-09-04T13:48:59+00:00\" \/>\n<meta name=\"twitter:card\" content=\"summary_large_image\" \/>\n<!-- \/ Yoast SEO plugin. -->","yoast_head_json":{"title":"Fix&Go Mobile: Soluciones Tech Innovadoras","description":"Expertos en alquiler, venta y reparaci\u00f3n de dispositivos electr\u00f3nicos. Calidad, eficiencia y consultor\u00eda profesional en cada servicio.","robots":{"index":"index","follow":"follow","max-snippet":"max-snippet:-1","max-image-preview":"max-image-preview:large","max-video-preview":"max-video-preview:-1"},"canonical":"https:\/\/fixandgomobileglobal.com\/pt-pt\/servicios\/","og_locale":"pt_PT","og_type":"article","og_title":"Fix&Go Mobile: Soluciones Tech Innovadoras","og_description":"Expertos en alquiler, venta y reparaci\u00f3n de dispositivos electr\u00f3nicos. Calidad, eficiencia y consultor\u00eda profesional en cada servicio.","og_url":"https:\/\/fixandgomobileglobal.com\/pt-pt\/servicios\/","og_site_name":"Fix&amp;Go Mobile","article_modified_time":"2025-09-04T13:48:59+00:00","twitter_card":"summary_large_image","schema":{"@context":"https:\/\/schema.org","@graph":[{"@type":"WebPage","@id":"https:\/\/fixandgomobileglobal.com\/pt-pt\/servicios\/","url":"https:\/\/fixandgomobileglobal.com\/pt-pt\/servicios\/","name":"Fix&Go Mobile: Soluciones Tech Innovadoras","isPartOf":{"@id":"https:\/\/fixandgomobileglobal.com\/pt-pt\/#website"},"datePublished":"2025-07-02T19:22:58+00:00","dateModified":"2025-09-04T13:48:59+00:00","description":"Expertos en alquiler, venta y reparaci\u00f3n de dispositivos electr\u00f3nicos. Calidad, eficiencia y consultor\u00eda profesional en cada servicio.","breadcrumb":{"@id":"https:\/\/fixandgomobileglobal.com\/pt-pt\/servicios\/#breadcrumb"},"inLanguage":"pt-PT","potentialAction":[{"@type":"ReadAction","target":["https:\/\/fixandgomobileglobal.com\/pt-pt\/servicios\/"]}]},{"@type":"BreadcrumbList","@id":"https:\/\/fixandgomobileglobal.com\/pt-pt\/servicios\/#breadcrumb","itemListElement":[{"@type":"ListItem","position":1,"name":"Portada","item":"https:\/\/fixandgomobileglobal.com\/pt-pt\/"},{"@type":"ListItem","position":2,"name":"Servicios"}]},{"@type":"WebSite","@id":"https:\/\/fixandgomobileglobal.com\/pt-pt\/#website","url":"https:\/\/fixandgomobileglobal.com\/pt-pt\/","name":"Fix&amp;Go Mobile","description":"","publisher":{"@id":"https:\/\/fixandgomobileglobal.com\/pt-pt\/#organization"},"potentialAction":[{"@type":"SearchAction","target":{"@type":"EntryPoint","urlTemplate":"https:\/\/fixandgomobileglobal.com\/pt-pt\/?s={search_term_string}"},"query-input":{"@type":"PropertyValueSpecification","valueRequired":true,"valueName":"search_term_string"}}],"inLanguage":"pt-PT"},{"@type":"Organization","@id":"https:\/\/fixandgomobileglobal.com\/pt-pt\/#organization","name":"Fix&amp;Go Mobile","url":"https:\/\/fixandgomobileglobal.com\/pt-pt\/","logo":{"@type":"ImageObject","inLanguage":"pt-PT","@id":"https:\/\/fixandgomobileglobal.com\/pt-pt\/#\/schema\/logo\/image\/","url":"https:\/\/fixandgomobileglobal.com\/wp-content\/uploads\/2025\/07\/Leonardo_Phoenix_09_Un_logo_para_FixGo_Mobile_que_combine_eleg_0.jpg","contentUrl":"https:\/\/fixandgomobileglobal.com\/wp-content\/uploads\/2025\/07\/Leonardo_Phoenix_09_Un_logo_para_FixGo_Mobile_que_combine_eleg_0.jpg","width":768,"height":768,"caption":"Fix&amp;Go Mobile"},"image":{"@id":"https:\/\/fixandgomobileglobal.com\/pt-pt\/#\/schema\/logo\/image\/"}}]}},"_links":{"self":[{"href":"https:\/\/fixandgomobileglobal.com\/pt-pt\/wp-json\/wp\/v2\/pages\/375","targetHints":{"allow":["GET"]}}],"collection":[{"href":"https:\/\/fixandgomobileglobal.com\/pt-pt\/wp-json\/wp\/v2\/pages"}],"about":[{"href":"https:\/\/fixandgomobileglobal.com\/pt-pt\/wp-json\/wp\/v2\/types\/page"}],"author":[{"embeddable":true,"href":"https:\/\/fixandgomobileglobal.com\/pt-pt\/wp-json\/wp\/v2\/users\/1"}],"replies":[{"embeddable":true,"href":"https:\/\/fixandgomobileglobal.com\/pt-pt\/wp-json\/wp\/v2\/comments?post=375"}],"version-history":[{"count":4,"href":"https:\/\/fixandgomobileglobal.com\/pt-pt\/wp-json\/wp\/v2\/pages\/375\/revisions"}],"predecessor-version":[{"id":1577,"href":"https:\/\/fixandgomobileglobal.com\/pt-pt\/wp-json\/wp\/v2\/pages\/375\/revisions\/1577"}],"wp:attachment":[{"href":"https:\/\/fixandgomobileglobal.com\/pt-pt\/wp-json\/wp\/v2\/media?parent=375"}],"curies":[{"name":"wp","href":"https:\/\/api.w.org\/{rel}","templated":true}]}}